{"id":7,"date":"2021-08-27T17:21:44","date_gmt":"2021-08-27T17:21:44","guid":{"rendered":"http:\/\/eraykarayel.com\/blog\/?page_id=7"},"modified":"2021-08-27T17:52:59","modified_gmt":"2021-08-27T17:52:59","slug":"hakkimda","status":"publish","type":"page","link":"https:\/\/eraykarayel.com\/blog\/hakkimda\/","title":{"rendered":"Hakk\u0131mda"},"content":{"rendered":"\n<div class=\"wp-block-image is-style-default\"><figure class=\"alignleft size-medium is-resized\"><img loading=\"lazy\" decoding=\"async\" src=\"http:\/\/eraykarayel.com\/blog\/wp-content\/uploads\/2021\/08\/eray-karayel-300x300.jpg\" alt=\"\" class=\"wp-image-30\" width=\"230\" height=\"230\" srcset=\"https:\/\/eraykarayel.com\/blog\/wp-content\/uploads\/2021\/08\/eray-karayel-300x300.jpg 300w, https:\/\/eraykarayel.com\/blog\/wp-content\/uploads\/2021\/08\/eray-karayel-150x150.jpg 150w, https:\/\/eraykarayel.com\/blog\/wp-content\/uploads\/2021\/08\/eray-karayel-768x768.jpg 768w, https:\/\/eraykarayel.com\/blog\/wp-content\/uploads\/2021\/08\/eray-karayel.jpg 960w\" sizes=\"auto, (max-width: 230px) 100vw, 230px\" \/><\/figure><\/div>\n\n\n\n<p class=\"has-drop-cap has-small-font-size\">Filmlere kar\u015f\u0131 zaaf\u0131, g\u00fczel filmlere ise hastal\u0131\u011f\u0131 var. Kendi \u00e7ap\u0131nda giri\u015fimci. \u0130yi olma \u00e7abas\u0131 i\u00e7inde. \u00dcretmeyi ve icraate ge\u00e7meyi sever. Bu d\u00fcnyadan, ama ba\u015fka d\u00fcnyadanm\u0131\u015f gibi. Foto\u011fraf da \u00e7ekiyor, kariyer de yap\u0131yor. Dijital pazarlamac\u0131 oldu\u011fu do\u011frudur. Tonla projesi var. Hepsi kulu\u00e7ka d\u00f6neminde. Baz\u0131lar\u0131 hayata ge\u00e7mek \u00fczere ya da siz bu sat\u0131rlar\u0131 okurken ge\u00e7mi\u015f olabilir. Yazmay\u0131, \u00e7izmeyi, tart\u0131\u015fmay\u0131, yeni \u00e7\u00f6z\u00fcmler \u00fcretmeyi sever. Kapital d\u00fcnyada yazma \u00e7izmeye zaman bulamad\u0131\u011f\u0131 olur.<\/p>\n\n\n\n<p class=\"has-small-font-size\">Eray Karayel \u00f6z\u00fcnde iyi biri. Tan\u0131san\u0131z eminim siz de seversiniz.<\/p>\n\n\n\n<p><\/p>\n","protected":false},"excerpt":{"rendered":"<p>Filmlere kar\u015f\u0131 zaaf\u0131, g\u00fczel filmlere ise hastal\u0131\u011f\u0131 var. Kendi \u00e7ap\u0131nda giri\u015fimci. \u0130yi olma \u00e7abas\u0131 i\u00e7inde. \u00dcretmeyi ve icraate ge\u00e7meyi sever. Bu d\u00fcnyadan, ama ba\u015fka d\u00fcnyadanm\u0131\u015f gibi. Foto\u011fraf da \u00e7ekiyor, kariyer de yap\u0131yor. Dijital pazarlamac\u0131 oldu\u011fu do\u011frudur. Tonla projesi var. Hepsi kulu\u00e7ka d\u00f6neminde. Baz\u0131lar\u0131 hayata ge\u00e7mek \u00fczere ya da siz bu sat\u0131rlar\u0131 okurken ge\u00e7mi\u015f olabilir. Yazmay\u0131,&hellip;&nbsp;<a href=\"https:\/\/eraykarayel.com\/blog\/hakkimda\/\" class=\"\" rel=\"bookmark\">Daha fazlas\u0131n\u0131 oku &raquo;<span class=\"screen-reader-text\">Hakk\u0131mda<\/span><\/a><\/p>\n","protected":false},"author":1,"featured_media":0,"parent":0,"menu_order":0,"comment_status":"closed","ping_status":"closed","template":"","meta":{"neve_meta_sidebar":"","neve_meta_container":"","neve_meta_enable_content_width":"","neve_meta_content_width":0,"neve_meta_title_alignment":"","neve_meta_author_avatar":"","neve_post_elements_order":"","neve_meta_disable_header":"","neve_meta_disable_footer":"","neve_meta_disable_title":"","_ti_tpc_template_sync":false,"_ti_tpc_template_id":"","footnotes":""},"class_list":["post-7","page","type-page","status-publish","hentry"],"yoast_head":"<!-- This site is optimized with the Yoast SEO plugin v19.2 - https:\/\/yoast.com\/wordpress\/plugins\/seo\/ -->\n<title>Hakk\u0131mda - Eray Karayel<\/title>\n<meta name=\"robots\" content=\"index, follow, max-snippet:-1, max-image-preview:large, max-video-preview:-1\" \/>\n<link rel=\"canonical\" href=\"https:\/\/eraykarayel.com\/blog\/hakkimda\/\" \/>\n<meta property=\"og:locale\" content=\"tr_TR\" \/>\n<meta property=\"og:type\" content=\"article\" \/>\n<meta property=\"og:title\" content=\"Hakk\u0131mda - Eray Karayel\" \/>\n<meta property=\"og:description\" content=\"Filmlere kar\u015f\u0131 zaaf\u0131, g\u00fczel filmlere ise hastal\u0131\u011f\u0131 var. Kendi \u00e7ap\u0131nda giri\u015fimci. \u0130yi olma \u00e7abas\u0131 i\u00e7inde. \u00dcretmeyi ve icraate ge\u00e7meyi sever. Bu d\u00fcnyadan, ama ba\u015fka d\u00fcnyadanm\u0131\u015f gibi. Foto\u011fraf da \u00e7ekiyor, kariyer de yap\u0131yor. Dijital pazarlamac\u0131 oldu\u011fu do\u011frudur. Tonla projesi var. Hepsi kulu\u00e7ka d\u00f6neminde. Baz\u0131lar\u0131 hayata ge\u00e7mek \u00fczere ya da siz bu sat\u0131rlar\u0131 okurken ge\u00e7mi\u015f olabilir. Yazmay\u0131,&hellip;&nbsp;Daha fazlas\u0131n\u0131 oku &raquo;Hakk\u0131mda\" \/>\n<meta property=\"og:url\" content=\"https:\/\/eraykarayel.com\/blog\/hakkimda\/\" \/>\n<meta property=\"og:site_name\" content=\"Eray Karayel\" \/>\n<meta property=\"article:modified_time\" content=\"2021-08-27T17:52:59+00:00\" \/>\n<meta property=\"og:image\" content=\"http:\/\/eraykarayel.com\/blog\/wp-content\/uploads\/2021\/08\/eray-karayel-300x300.jpg\" \/>\n<meta name=\"author\" content=\"Eray Karayel\" \/>\n<meta name=\"twitter:card\" content=\"summary_large_image\" \/>\n<meta name=\"twitter:label1\" content=\"Tahmini okuma s\u00fcresi\" \/>\n\t<meta name=\"twitter:data1\" content=\"1 dakika\" \/>\n<script type=\"application\/ld+json\" class=\"yoast-schema-graph\">{\"@context\":\"https:\/\/schema.org\",\"@graph\":[{\"@type\":\"WebSite\",\"@id\":\"https:\/\/eraykarayel.com\/blog\/#website\",\"url\":\"https:\/\/eraykarayel.com\/blog\/\",\"name\":\"Eray Karayel\",\"description\":\"Bazen ciddiyim, bazen de\u011fil\",\"potentialAction\":[{\"@type\":\"SearchAction\",\"target\":{\"@type\":\"EntryPoint\",\"urlTemplate\":\"https:\/\/eraykarayel.com\/blog\/?s={search_term_string}\"},\"query-input\":\"required name=search_term_string\"}],\"inLanguage\":\"tr\"},{\"@type\":\"ImageObject\",\"inLanguage\":\"tr\",\"@id\":\"https:\/\/eraykarayel.com\/blog\/hakkimda\/#primaryimage\",\"url\":\"https:\/\/eraykarayel.com\/blog\/wp-content\/uploads\/2021\/08\/eray-karayel.jpg\",\"contentUrl\":\"https:\/\/eraykarayel.com\/blog\/wp-content\/uploads\/2021\/08\/eray-karayel.jpg\",\"width\":960,\"height\":960},{\"@type\":\"WebPage\",\"@id\":\"https:\/\/eraykarayel.com\/blog\/hakkimda\/#webpage\",\"url\":\"https:\/\/eraykarayel.com\/blog\/hakkimda\/\",\"name\":\"Hakk\u0131mda - Eray Karayel\",\"isPartOf\":{\"@id\":\"https:\/\/eraykarayel.com\/blog\/#website\"},\"primaryImageOfPage\":{\"@id\":\"https:\/\/eraykarayel.com\/blog\/hakkimda\/#primaryimage\"},\"datePublished\":\"2021-08-27T17:21:44+00:00\",\"dateModified\":\"2021-08-27T17:52:59+00:00\",\"breadcrumb\":{\"@id\":\"https:\/\/eraykarayel.com\/blog\/hakkimda\/#breadcrumb\"},\"inLanguage\":\"tr\",\"potentialAction\":[{\"@type\":\"ReadAction\",\"target\":[\"https:\/\/eraykarayel.com\/blog\/hakkimda\/\"]}]},{\"@type\":\"BreadcrumbList\",\"@id\":\"https:\/\/eraykarayel.com\/blog\/hakkimda\/#breadcrumb\",\"itemListElement\":[{\"@type\":\"ListItem\",\"position\":1,\"name\":\"Anasayfa\",\"item\":\"https:\/\/eraykarayel.com\/blog\/\"},{\"@type\":\"ListItem\",\"position\":2,\"name\":\"Hakk\u0131mda\"}]}]}<\/script>\n<!-- \/ Yoast SEO plugin. -->","yoast_head_json":{"title":"Hakk\u0131mda - Eray Karayel","robots":{"index":"index","follow":"follow","max-snippet":"max-snippet:-1","max-image-preview":"max-image-preview:large","max-video-preview":"max-video-preview:-1"},"canonical":"https:\/\/eraykarayel.com\/blog\/hakkimda\/","og_locale":"tr_TR","og_type":"article","og_title":"Hakk\u0131mda - Eray Karayel","og_description":"Filmlere kar\u015f\u0131 zaaf\u0131, g\u00fczel filmlere ise hastal\u0131\u011f\u0131 var. Kendi \u00e7ap\u0131nda giri\u015fimci. \u0130yi olma \u00e7abas\u0131 i\u00e7inde. \u00dcretmeyi ve icraate ge\u00e7meyi sever. Bu d\u00fcnyadan, ama ba\u015fka d\u00fcnyadanm\u0131\u015f gibi. Foto\u011fraf da \u00e7ekiyor, kariyer de yap\u0131yor. Dijital pazarlamac\u0131 oldu\u011fu do\u011frudur. Tonla projesi var. Hepsi kulu\u00e7ka d\u00f6neminde. Baz\u0131lar\u0131 hayata ge\u00e7mek \u00fczere ya da siz bu sat\u0131rlar\u0131 okurken ge\u00e7mi\u015f olabilir. Yazmay\u0131,&hellip;&nbsp;Daha fazlas\u0131n\u0131 oku &raquo;Hakk\u0131mda","og_url":"https:\/\/eraykarayel.com\/blog\/hakkimda\/","og_site_name":"Eray Karayel","article_modified_time":"2021-08-27T17:52:59+00:00","og_image":[{"url":"http:\/\/eraykarayel.com\/blog\/wp-content\/uploads\/2021\/08\/eray-karayel-300x300.jpg"}],"author":"Eray Karayel","twitter_card":"summary_large_image","twitter_misc":{"Tahmini okuma s\u00fcresi":"1 dakika"},"schema":{"@context":"https:\/\/schema.org","@graph":[{"@type":"WebSite","@id":"https:\/\/eraykarayel.com\/blog\/#website","url":"https:\/\/eraykarayel.com\/blog\/","name":"Eray Karayel","description":"Bazen ciddiyim, bazen de\u011fil","potentialAction":[{"@type":"SearchAction","target":{"@type":"EntryPoint","urlTemplate":"https:\/\/eraykarayel.com\/blog\/?s={search_term_string}"},"query-input":"required name=search_term_string"}],"inLanguage":"tr"},{"@type":"ImageObject","inLanguage":"tr","@id":"https:\/\/eraykarayel.com\/blog\/hakkimda\/#primaryimage","url":"https:\/\/eraykarayel.com\/blog\/wp-content\/uploads\/2021\/08\/eray-karayel.jpg","contentUrl":"https:\/\/eraykarayel.com\/blog\/wp-content\/uploads\/2021\/08\/eray-karayel.jpg","width":960,"height":960},{"@type":"WebPage","@id":"https:\/\/eraykarayel.com\/blog\/hakkimda\/#webpage","url":"https:\/\/eraykarayel.com\/blog\/hakkimda\/","name":"Hakk\u0131mda - Eray Karayel","isPartOf":{"@id":"https:\/\/eraykarayel.com\/blog\/#website"},"primaryImageOfPage":{"@id":"https:\/\/eraykarayel.com\/blog\/hakkimda\/#primaryimage"},"datePublished":"2021-08-27T17:21:44+00:00","dateModified":"2021-08-27T17:52:59+00:00","breadcrumb":{"@id":"https:\/\/eraykarayel.com\/blog\/hakkimda\/#breadcrumb"},"inLanguage":"tr","potentialAction":[{"@type":"ReadAction","target":["https:\/\/eraykarayel.com\/blog\/hakkimda\/"]}]},{"@type":"BreadcrumbList","@id":"https:\/\/eraykarayel.com\/blog\/hakkimda\/#breadcrumb","itemListElement":[{"@type":"ListItem","position":1,"name":"Anasayfa","item":"https:\/\/eraykarayel.com\/blog\/"},{"@type":"ListItem","position":2,"name":"Hakk\u0131mda"}]}]}},"_links":{"self":[{"href":"https:\/\/eraykarayel.com\/blog\/wp-json\/wp\/v2\/pages\/7","targetHints":{"allow":["GET"]}}],"collection":[{"href":"https:\/\/eraykarayel.com\/blog\/wp-json\/wp\/v2\/pages"}],"about":[{"href":"https:\/\/eraykarayel.com\/blog\/wp-json\/wp\/v2\/types\/page"}],"author":[{"embeddable":true,"href":"https:\/\/eraykarayel.com\/blog\/wp-json\/wp\/v2\/users\/1"}],"replies":[{"embeddable":true,"href":"https:\/\/eraykarayel.com\/blog\/wp-json\/wp\/v2\/comments?post=7"}],"version-history":[{"count":4,"href":"https:\/\/eraykarayel.com\/blog\/wp-json\/wp\/v2\/pages\/7\/revisions"}],"predecessor-version":[{"id":35,"href":"https:\/\/eraykarayel.com\/blog\/wp-json\/wp\/v2\/pages\/7\/revisions\/35"}],"wp:attachment":[{"href":"https:\/\/eraykarayel.com\/blog\/wp-json\/wp\/v2\/media?parent=7"}],"curies":[{"name":"wp","href":"https:\/\/api.w.org\/{rel}","templated":true}]}}